{"id":2,"date":"2025-02-24T09:02:56","date_gmt":"2025-02-24T09:02:56","guid":{"rendered":"http:\/\/www.remchatattoo.fr\/?page_id=2"},"modified":"2025-03-13T08:34:10","modified_gmt":"2025-03-13T08:34:10","slug":"sample-page","status":"publish","type":"page","link":"https:\/\/www.remchatattoo.fr\/?page_id=2","title":{"rendered":"Style aquarelle"},"content":{"rendered":"\n<figure class=\"wp-block-gallery-1 is-layout-flex wp-block-gallery-is-layout-flex\" style=\"border-style:none;border-width:0px;border-radius:0px\">\n<figure style=\"margin-top:0;margin-bottom:0\"><img decoding=\"async\" data-id=\"32\" src=\"https:\/\/www.remchatattoo.fr\/wp-content\/uploads\/2025\/03\/IMG_8792-768x1024.jpeg\" alt=\"\" style=\"border-width:1px\"\/><\/figure>\n\n\n<figure style=\"margin-top:0;margin-right:0;margin-bottom:0;margin-left:0\"><img decoding=\"async\" data-id=\"33\" src=\"https:\/\/www.remchatattoo.fr\/wp-content\/uploads\/2025\/03\/IMG_8791-569x1024.jpeg\" alt=\"\"\/><\/figure>\n<\/figure>\n\n\n<p><\/p>\n\n\n\n\n<h6 class=\"wp-block-heading is-vertical is-nowrap is-layout-flex wp-container-core-group-is-layout-36fd9ea3 wp-block-group-is-layout-flex is-layout-flow wp-block-group-is-layout-flow\" id=\"ecosystem\" style=\"color:#000000;font-size:16px\">\u00c9COSYST\u00c8ME<\/h6>\n\n\n<p style=\"color:#000000;font-size:6vw;font-style:normal;font-weight:700;letter-spacing:0px;line-height:0.9;text-decoration:none;text-transform:none\">Positive growth.<\/p>\n\n\n\n\n\n\n\n\n<p class=\"is-layout-flow wp-block-column-is-layout-flow is-layout-flex wp-container-core-columns-is-layout-21b20327 wp-block-columns-is-layout-flex is-vertical is-nowrap wp-container-core-group-is-layout-7946b6b8 wp-block-group-is-layout-flex\" style=\"color:#000000;font-size:17px\"><em>Nature<\/em>, in the common sense, refers to essences unchanged by man; space, the air, the river, the leaf.&nbsp;<em>Art<\/em>&nbsp;is applied to the mixture of his will with the same things, as in a house, a canal, a statue, a picture. <\/p>\n\n\n<p style=\"color:#000000;font-size:17px\">But his operations taken together are so insignificant, a little chipping, baking, patching, and washing, that in an impression so grand as that of the world on the human mind, they do not vary the result.<\/p>\n\n\n\n\n\n\n<figure class=\"is-layout-flow wp-block-column-is-layout-flow\"><img decoding=\"async\" src=\"https:\/\/s.w.org\/images\/core\/5.8\/outside-01.jpg\" alt=\"Le soleil se couchant derri\u00e8re une for\u00eat dense.\"\/><\/figure>\n\n\n\n\n<figure class=\"is-layout-flow wp-block-column-is-layout-flow\"><img decoding=\"async\" src=\"https:\/\/s.w.org\/images\/core\/5.8\/outside-02.jpg\" alt=\"Des \u00e9oliennes se tiennent sur une plaine herbeuse, avec un ciel bleu en arri\u00e8re-plan.\"\/><\/figure>\n\n\n\n\n\n\n<figure class=\"is-layout-flow wp-block-column-is-layout-flow is-layout-flex wp-container-core-columns-is-layout-c24efe4f wp-block-columns-is-layout-flex\"><img decoding=\"async\" src=\"https:\/\/s.w.org\/images\/core\/5.8\/outside-03.jpg\" alt=\"Le soleil brille au dessus d\u2019une cr\u00eate donnant sur le bord de mer. Plus loin, une voiture est visible.\"\/><\/figure>\n\n\n\n\n\n\n<p class=\"is-layout-flow wp-block-column-is-layout-flow\" style=\"color:#000000;font-size:17px\">Sans doute n\u2019avons-nous pas de questions \u00e0 poser qui soient sans r\u00e9ponse. Nous devons faire confiance \u00e0 la perfection de la cr\u00e9ation au point de croire que, quelle que soit la curiosit\u00e9 que l\u2019ordre des choses a \u00e9veill\u00e9e dans notre esprit, l\u2019ordre des choses peut la satisfaire. La condition de chaque homme est une solution en hi\u00e9roglyphes aux questions qu\u2019il poserait.<\/p>\n\n\n\n\n","protected":false},"excerpt":{"rendered":"<p>\u00c9COSYST\u00c8ME Positive growth. Nature, in the common sense, refers to essences unchanged by man; space, the air, the river, the leaf.&nbsp;Art&nbsp;is applied to the mixture of his will with the same things, as in a house, a canal, a statue, a picture. But his operations taken together are so insignificant, a little chipping, baking, patching, [&hellip;]<\/p>\n","protected":false},"author":1,"featured_media":0,"parent":0,"menu_order":0,"comment_status":"closed","ping_status":"open","template":"","meta":{"footnotes":""},"class_list":["post-2","page","type-page","status-publish","hentry"],"_links":{"self":[{"href":"https:\/\/www.remchatattoo.fr\/index.php?rest_route=\/wp\/v2\/pages\/2","targetHints":{"allow":["GET"]}}],"collection":[{"href":"https:\/\/www.remchatattoo.fr\/index.php?rest_route=\/wp\/v2\/pages"}],"about":[{"href":"https:\/\/www.remchatattoo.fr\/index.php?rest_route=\/wp\/v2\/types\/page"}],"author":[{"embeddable":true,"href":"https:\/\/www.remchatattoo.fr\/index.php?rest_route=\/wp\/v2\/users\/1"}],"replies":[{"embeddable":true,"href":"https:\/\/www.remchatattoo.fr\/index.php?rest_route=%2Fwp%2Fv2%2Fcomments&post=2"}],"version-history":[{"count":8,"href":"https:\/\/www.remchatattoo.fr\/index.php?rest_route=\/wp\/v2\/pages\/2\/revisions"}],"predecessor-version":[{"id":47,"href":"https:\/\/www.remchatattoo.fr\/index.php?rest_route=\/wp\/v2\/pages\/2\/revisions\/47"}],"wp:attachment":[{"href":"https:\/\/www.remchatattoo.fr\/index.php?rest_route=%2Fwp%2Fv2%2Fmedia&parent=2"}],"curies":[{"name":"wp","href":"https:\/\/api.w.org\/{rel}","templated":true}]}}